{"id":723,"date":"2024-01-10T11:46:11","date_gmt":"2024-01-10T11:46:11","guid":{"rendered":"https:\/\/testes.monstrosecompanhia.com\/proteger\/?page_id=723"},"modified":"2024-02-01T11:25:31","modified_gmt":"2024-02-01T11:25:31","slug":"contactos","status":"publish","type":"page","link":"https:\/\/edicoes.proteger.pt\/2024\/contactos\/","title":{"rendered":"Contactos"},"content":{"rendered":"\t\t<div data-elementor-type=\"wp-post\" data-elementor-id=\"723\" class=\"elementor elementor-723\">\n\t\t\t\t<div class=\"elementor-element elementor-element-4ae152e e-con-full e-flex e-con e-parent\" data-id=\"4ae152e\" data-element_type=\"container\" data-settings=\"{&quot;background_background&quot;:&quot;classic&quot;,&quot;jet_parallax_layout_list&quot;:[]}\">\n\t\t\t\t<div class=\"elementor-element elementor-element-e984b9c elementor-invisible elementor-widget elementor-widget-heading\" data-id=\"e984b9c\" data-element_type=\"widget\" data-settings=\"{&quot;_animation&quot;:&quot;fadeInUp&quot;}\" data-widget_type=\"heading.default\">\n\t\t\t\t<div class=\"elementor-widget-container\">\n\t\t\t\t\t<h1 class=\"elementor-heading-title elementor-size-default\">Contactos<\/h1>\t\t\t\t<\/div>\n\t\t\t\t<\/div>\n\t\t\t\t<\/div>\n\t\t<div class=\"elementor-element elementor-element-612b373 e-flex e-con-boxed elementor-invisible e-con e-parent\" data-id=\"612b373\" data-element_type=\"container\" data-settings=\"{&quot;jet_parallax_layout_list&quot;:[],&quot;animation&quot;:&quot;fadeInUp&quot;}\">\n\t\t\t\t\t<div class=\"e-con-inner\">\n\t\t\t\t<div class=\"elementor-element elementor-element-ff89710 elementor-widget elementor-widget-text-editor\" data-id=\"ff89710\" data-element_type=\"widget\" data-widget_type=\"text-editor.default\">\n\t\t\t\t<div class=\"elementor-widget-container\">\n\t\t\t\t\t\t\t\t\t<p>Fale connosco<\/p>\t\t\t\t\t\t\t\t<\/div>\n\t\t\t\t<\/div>\n\t\t\t\t<div class=\"elementor-element elementor-element-1bb02fb elementor-widget elementor-widget-heading\" data-id=\"1bb02fb\" data-element_type=\"widget\" data-widget_type=\"heading.default\">\n\t\t\t\t<div class=\"elementor-widget-container\">\n\t\t\t\t\t<h1 class=\"elementor-heading-title elementor-size-default\">Os nossos contactos<\/h1>\t\t\t\t<\/div>\n\t\t\t\t<\/div>\n\t\t\t\t<div class=\"elementor-element elementor-element-219e0d8 elementor-widget-divider--view-line elementor-widget elementor-widget-divider\" data-id=\"219e0d8\" data-element_type=\"widget\" data-widget_type=\"divider.default\">\n\t\t\t\t<div class=\"elementor-widget-container\">\n\t\t\t\t\t\t\t<div class=\"elementor-divider\">\n\t\t\t<span class=\"elementor-divider-separator\">\n\t\t\t\t\t\t<\/span>\n\t\t<\/div>\n\t\t\t\t\t\t<\/div>\n\t\t\t\t<\/div>\n\t\t\t\t<div class=\"elementor-element elementor-element-84ff3ef elementor-widget elementor-widget-text-editor\" data-id=\"84ff3ef\" data-element_type=\"widget\" data-widget_type=\"text-editor.default\">\n\t\t\t\t<div class=\"elementor-widget-container\">\n\t\t\t\t\t\t\t\t\t<p>Organiza\u00e7\u00e3o<\/p>\t\t\t\t\t\t\t\t<\/div>\n\t\t\t\t<\/div>\n\t\t\t\t\t<\/div>\n\t\t\t\t<\/div>\n\t\t<div class=\"elementor-element elementor-element-1ae6dd2 e-flex e-con-boxed elementor-invisible e-con e-parent\" data-id=\"1ae6dd2\" data-element_type=\"container\" data-settings=\"{&quot;jet_parallax_layout_list&quot;:[],&quot;animation&quot;:&quot;fadeInUp&quot;}\">\n\t\t\t\t\t<div class=\"e-con-inner\">\n\t\t<div class=\"elementor-element elementor-element-a056f97 e-con-full e-flex e-con e-child\" data-id=\"a056f97\" data-element_type=\"container\" data-settings=\"{&quot;jet_parallax_layout_list&quot;:[]}\">\n\t\t\t\t<\/div>\n\t\t<div class=\"elementor-element elementor-element-043e0ee e-con-full e-flex e-con e-child\" data-id=\"043e0ee\" data-element_type=\"container\" data-settings=\"{&quot;jet_parallax_layout_list&quot;:[]}\">\n\t\t\t\t<div class=\"elementor-element elementor-element-f93bd3d elementor-widget elementor-widget-text-editor\" data-id=\"f93bd3d\" data-element_type=\"widget\" data-widget_type=\"text-editor.default\">\n\t\t\t\t<div class=\"elementor-widget-container\">\n\t\t\t\t\t\t\t\t\t<p><strong>APSEI &#8211; Associa\u00e7\u00e3o Portuguesa de Seguran\u00e7a<\/strong><\/p>\t\t\t\t\t\t\t\t<\/div>\n\t\t\t\t<\/div>\n\t\t\t\t<div class=\"elementor-element elementor-element-84db8bf elementor-position-inline-start elementor-view-default elementor-mobile-position-block-start elementor-widget elementor-widget-icon-box\" data-id=\"84db8bf\" data-element_type=\"widget\" data-widget_type=\"icon-box.default\">\n\t\t\t\t<div class=\"elementor-widget-container\">\n\t\t\t\t\t\t\t<div class=\"elementor-icon-box-wrapper\">\n\n\t\t\t\t\t\t<div class=\"elementor-icon-box-icon\">\n\t\t\t\t<a href=\"mailto:apsei@apsei.org.pt\u200b\" target=\"_blank\" class=\"elementor-icon\" tabindex=\"-1\" aria-label=\"apsei@apsei.org.pt\">\n\t\t\t\t<svg xmlns=\"http:\/\/www.w3.org\/2000\/svg\" width=\"16\" height=\"12\" viewBox=\"0 0 16 12\" fill=\"none\"><path d=\"M0 2C0 0.9 0.9 0 2 0H14C15.1 0 16 0.9 16 2V10C16 11.1 15.1 12 14 12H2C0.9 12 0 11.1 0 10V2ZM2 1C1.45 1 1 1.45 1 2V3.25L7.11 7.73C7.64 8.12 8.36 8.12 8.89 7.73L15 3.25V2C15 1.45 14.55 1 14 1H2ZM1 4.49V10C1 10.55 1.45 11 2 11H14C14.55 11 15 10.55 15 10V4.49L9.48 8.54C8.6 9.18 7.4 9.18 6.52 8.54L1 4.49Z\" fill=\"#B1B0B0\"><\/path><\/svg>\t\t\t\t<\/a>\n\t\t\t<\/div>\n\t\t\t\n\t\t\t\t\t\t<div class=\"elementor-icon-box-content\">\n\n\t\t\t\t\t\t\t\t\t<h3 class=\"elementor-icon-box-title\">\n\t\t\t\t\t\t<a href=\"mailto:apsei@apsei.org.pt\u200b\" target=\"_blank\" >\n\t\t\t\t\t\t\tapsei@apsei.org.pt\t\t\t\t\t\t<\/a>\n\t\t\t\t\t<\/h3>\n\t\t\t\t\n\t\t\t\t\n\t\t\t<\/div>\n\t\t\t\n\t\t<\/div>\n\t\t\t\t\t\t<\/div>\n\t\t\t\t<\/div>\n\t\t\t\t<div class=\"elementor-element elementor-element-8dbd7fe elementor-position-inline-start elementor-view-default elementor-mobile-position-block-start elementor-widget elementor-widget-icon-box\" data-id=\"8dbd7fe\" data-element_type=\"widget\" data-widget_type=\"icon-box.default\">\n\t\t\t\t<div class=\"elementor-widget-container\">\n\t\t\t\t\t\t\t<div class=\"elementor-icon-box-wrapper\">\n\n\t\t\t\t\t\t<div class=\"elementor-icon-box-icon\">\n\t\t\t\t<a href=\"http:\/\/www.apsei.org.pt\" target=\"_blank\" class=\"elementor-icon\" tabindex=\"-1\" aria-label=\"www.apsei.org.pt\">\n\t\t\t\t<svg xmlns=\"http:\/\/www.w3.org\/2000\/svg\" width=\"16\" height=\"16\" viewBox=\"0 0 16 16\" fill=\"none\"><path d=\"M8 0C12.42 0 16 3.58 16 8C16 12.42 12.42 16 8 16C3.58 16 0 12.42 0 8C0 3.58 3.58 0 8 0ZM1 8C1 8.69 1.1 9.37 1.29 10H4.12C4.04 9.36 4 8.69 4 8C4 7.31 4.04 6.64 4.12 6H1.29C1.1 6.63 1 7.31 1 8ZM5.77 1.36C3.96 1.97 2.49 3.29 1.68 5H4.3C4.6 3.51 5.12 2.25 5.78 1.36H5.77ZM4.29 11H1.67C2.48 12.7 3.96 14.03 5.76 14.63C5.1 13.75 4.59 12.48 4.28 11H4.29ZM5.13 10H10.86C10.95 9.37 10.99 8.7 10.99 8C10.99 7.3 10.94 6.63 10.86 6H5.13C5.04 6.63 5 7.3 5 8C5 8.7 5.05 9.37 5.13 10ZM10.66 5C10.5 4.16 10.24 3.41 9.94 2.79C9.27 1.45 8.53 1 8.01 1C7.49 1 6.75 1.45 6.08 2.79C5.77 3.41 5.51 4.16 5.33 5H10.68H10.66ZM8 15C8.52 15 9.26 14.55 9.93 13.21C10.24 12.59 10.5 11.82 10.65 11H5.3C5.48 11.82 5.74 12.59 6.05 13.21C6.72 14.55 7.46 15 7.98 15H8ZM10.23 1.36C10.89 2.25 11.4 3.51 11.71 5H14.33C13.52 3.3 12.05 1.97 10.24 1.36H10.23ZM14.33 11H11.71C11.41 12.49 10.89 13.75 10.23 14.63C12.04 14.02 13.51 12.7 14.32 11H14.33ZM11.85 6C11.96 6.64 12 7.31 12 8C12 8.69 11.96 9.36 11.85 10H14.71C14.9 9.37 15 8.69 15 8C15 7.31 14.9 6.63 14.71 6H11.85Z\" fill=\"#B1B0B0\"><\/path><\/svg>\t\t\t\t<\/a>\n\t\t\t<\/div>\n\t\t\t\n\t\t\t\t\t\t<div class=\"elementor-icon-box-content\">\n\n\t\t\t\t\t\t\t\t\t<h3 class=\"elementor-icon-box-title\">\n\t\t\t\t\t\t<a href=\"http:\/\/www.apsei.org.pt\" target=\"_blank\" >\n\t\t\t\t\t\t\twww.apsei.org.pt\t\t\t\t\t\t<\/a>\n\t\t\t\t\t<\/h3>\n\t\t\t\t\n\t\t\t\t\n\t\t\t<\/div>\n\t\t\t\n\t\t<\/div>\n\t\t\t\t\t\t<\/div>\n\t\t\t\t<\/div>\n\t\t\t\t<div class=\"elementor-element elementor-element-eb8aae3 elementor-position-inline-start elementor-view-default elementor-mobile-position-block-start elementor-widget elementor-widget-icon-box\" data-id=\"eb8aae3\" data-element_type=\"widget\" data-widget_type=\"icon-box.default\">\n\t\t\t\t<div class=\"elementor-widget-container\">\n\t\t\t\t\t\t\t<div class=\"elementor-icon-box-wrapper\">\n\n\t\t\t\t\t\t<div class=\"elementor-icon-box-icon\">\n\t\t\t\t<span  class=\"elementor-icon\">\n\t\t\t\t<svg xmlns=\"http:\/\/www.w3.org\/2000\/svg\" width=\"16\" height=\"16\" viewBox=\"0 0 16 16\" fill=\"none\"><path d=\"M15.96 11.9452L15.28 14.8952C15.13 15.5452 14.56 15.9952 13.9 15.9952C6.23 15.9952 0 9.75519 0 2.09519C0 1.43519 0.450006 0.865192 1.10001 0.715192L4.05 0.0351918C4.71 -0.114808 5.40001 0.225192 5.67001 0.855192L7.03 4.03519C7.28 4.61519 7.12 5.28519 6.63 5.68519L5.36 6.72519C6.26 8.37519 7.63 9.74519 9.28 10.6452L10.32 9.38519C10.71 8.90519 11.39 8.73519 11.97 8.97519L15.15 10.3352C15.78 10.6052 16.12 11.2852 15.97 11.9552L15.96 11.9452ZM14.98 11.7252C15.02 11.5252 14.92 11.3252 14.74 11.2452L11.56 9.88519C11.39 9.81519 11.19 9.86519 11.08 10.0052L9.79 11.5852C9.64 11.7652 9.39 11.8252 9.18 11.7152C7.06 10.6752 5.32 8.93519 4.28 6.81519C4.18 6.60519 4.23 6.35519 4.41 6.20519L5.99001 4.91519C6.13001 4.79519 6.18 4.59519 6.11 4.42519L4.75 1.24519C4.68 1.09519 4.53 0.995192 4.37 0.995192C4.34 0.995192 4.31 0.995192 4.28 1.00519L1.33 1.68519C1.14 1.72519 1.01 1.89519 1.01 2.08519C1.01 9.20519 6.8 14.9852 13.91 14.9852C14.1 14.9852 14.27 14.8452 14.32 14.6652L15 11.7152L14.98 11.7252Z\" fill=\"#B1B0B0\"><\/path><\/svg>\t\t\t\t<\/span>\n\t\t\t<\/div>\n\t\t\t\n\t\t\t\t\t\t<div class=\"elementor-icon-box-content\">\n\n\t\t\t\t\t\t\t\t\t<h3 class=\"elementor-icon-box-title\">\n\t\t\t\t\t\t<span  >\n\t\t\t\t\t\t\t+351 219 527 849\t\t\t\t\t\t<\/span>\n\t\t\t\t\t<\/h3>\n\t\t\t\t\n\t\t\t\t\t\t\t\t\t<p class=\"elementor-icon-box-description\">\n\t\t\t\t\t\t(chamada para rede fixa nacional)\t\t\t\t\t<\/p>\n\t\t\t\t\n\t\t\t<\/div>\n\t\t\t\n\t\t<\/div>\n\t\t\t\t\t\t<\/div>\n\t\t\t\t<\/div>\n\t\t\t\t<\/div>\n\t\t<div class=\"elementor-element elementor-element-a2b8ea8 e-con-full e-flex e-con e-child\" data-id=\"a2b8ea8\" data-element_type=\"container\" data-settings=\"{&quot;jet_parallax_layout_list&quot;:[]}\">\n\t\t\t\t<div class=\"elementor-element elementor-element-48c802f elementor-widget elementor-widget-text-editor\" data-id=\"48c802f\" data-element_type=\"widget\" data-widget_type=\"text-editor.default\">\n\t\t\t\t<div class=\"elementor-widget-container\">\n\t\t\t\t\t\t\t\t\t<p><strong>Informa\u00e7\u00f5es Patrocinadores<\/strong><\/p>\t\t\t\t\t\t\t\t<\/div>\n\t\t\t\t<\/div>\n\t\t\t\t<div class=\"elementor-element elementor-element-4982eb4 elementor-position-inline-start elementor-view-default elementor-mobile-position-block-start elementor-widget elementor-widget-icon-box\" data-id=\"4982eb4\" data-element_type=\"widget\" data-widget_type=\"icon-box.default\">\n\t\t\t\t<div class=\"elementor-widget-container\">\n\t\t\t\t\t\t\t<div class=\"elementor-icon-box-wrapper\">\n\n\t\t\t\t\t\t<div class=\"elementor-icon-box-icon\">\n\t\t\t\t<a href=\"mailto:apsei@apsei.org.pt\u200b\" target=\"_blank\" class=\"elementor-icon\" tabindex=\"-1\" aria-label=\"Ana Barreiros\">\n\t\t\t\t<svg xmlns=\"http:\/\/www.w3.org\/2000\/svg\" width=\"14\" height=\"16\" viewBox=\"0 0 14 16\" fill=\"none\"><path d=\"M13.99 14.92C13.99 15.52 13.51 16 12.91 16H1.08C0.479998 16 0 15.51 0 14.92C0 11.93 2.43 9.5 5.42 9.5H8.59C11.58 9.5 14.01 11.92 14.01 14.92H13.99ZM12.99 14.92C12.99 12.49 11.01 10.5 8.57 10.5H5.4C2.97 10.5 0.98 12.48 0.98 14.92C0.98 14.97 1.02 15 1.06 15H12.89C12.89 15 12.97 14.96 12.97 14.92H12.99ZM2.99 4C2.99 1.79 4.78 0 6.99 0C9.2 0 10.99 1.79 10.99 4C10.99 6.21 9.2 8 6.99 8C4.78 8 2.99 6.21 2.99 4ZM3.99 4C3.99 5.65 5.34 7 6.99 7C8.64 7 9.99 5.65 9.99 4C9.99 2.35 8.64 1 6.99 1C5.34 1 3.99 2.35 3.99 4Z\" fill=\"#B1B0B0\"><\/path><\/svg>\t\t\t\t<\/a>\n\t\t\t<\/div>\n\t\t\t\n\t\t\t\t\t\t<div class=\"elementor-icon-box-content\">\n\n\t\t\t\t\t\t\t\t\t<h3 class=\"elementor-icon-box-title\">\n\t\t\t\t\t\t<a href=\"mailto:apsei@apsei.org.pt\u200b\" target=\"_blank\" >\n\t\t\t\t\t\t\tAna Barreiros\t\t\t\t\t\t<\/a>\n\t\t\t\t\t<\/h3>\n\t\t\t\t\n\t\t\t\t\n\t\t\t<\/div>\n\t\t\t\n\t\t<\/div>\n\t\t\t\t\t\t<\/div>\n\t\t\t\t<\/div>\n\t\t\t\t<div class=\"elementor-element elementor-element-c8cce99 elementor-position-inline-start elementor-view-default elementor-mobile-position-block-start elementor-widget elementor-widget-icon-box\" data-id=\"c8cce99\" data-element_type=\"widget\" data-widget_type=\"icon-box.default\">\n\t\t\t\t<div class=\"elementor-widget-container\">\n\t\t\t\t\t\t\t<div class=\"elementor-icon-box-wrapper\">\n\n\t\t\t\t\t\t<div class=\"elementor-icon-box-icon\">\n\t\t\t\t<a href=\"mailto:apsei@apsei.org.pt\u200b\" target=\"_blank\" class=\"elementor-icon\" tabindex=\"-1\" aria-label=\"comercial@apsei.org.pt\">\n\t\t\t\t<svg xmlns=\"http:\/\/www.w3.org\/2000\/svg\" width=\"16\" height=\"12\" viewBox=\"0 0 16 12\" fill=\"none\"><path d=\"M0 2C0 0.9 0.9 0 2 0H14C15.1 0 16 0.9 16 2V10C16 11.1 15.1 12 14 12H2C0.9 12 0 11.1 0 10V2ZM2 1C1.45 1 1 1.45 1 2V3.25L7.11 7.73C7.64 8.12 8.36 8.12 8.89 7.73L15 3.25V2C15 1.45 14.55 1 14 1H2ZM1 4.49V10C1 10.55 1.45 11 2 11H14C14.55 11 15 10.55 15 10V4.49L9.48 8.54C8.6 9.18 7.4 9.18 6.52 8.54L1 4.49Z\" fill=\"#B1B0B0\"><\/path><\/svg>\t\t\t\t<\/a>\n\t\t\t<\/div>\n\t\t\t\n\t\t\t\t\t\t<div class=\"elementor-icon-box-content\">\n\n\t\t\t\t\t\t\t\t\t<h3 class=\"elementor-icon-box-title\">\n\t\t\t\t\t\t<a href=\"mailto:apsei@apsei.org.pt\u200b\" target=\"_blank\" >\n\t\t\t\t\t\t\tcomercial@apsei.org.pt\t\t\t\t\t\t<\/a>\n\t\t\t\t\t<\/h3>\n\t\t\t\t\n\t\t\t\t\n\t\t\t<\/div>\n\t\t\t\n\t\t<\/div>\n\t\t\t\t\t\t<\/div>\n\t\t\t\t<\/div>\n\t\t\t\t<div class=\"elementor-element elementor-element-4373798 elementor-position-inline-start elementor-view-default elementor-mobile-position-block-start elementor-widget elementor-widget-icon-box\" data-id=\"4373798\" data-element_type=\"widget\" data-widget_type=\"icon-box.default\">\n\t\t\t\t<div class=\"elementor-widget-container\">\n\t\t\t\t\t\t\t<div class=\"elementor-icon-box-wrapper\">\n\n\t\t\t\t\t\t<div class=\"elementor-icon-box-icon\">\n\t\t\t\t<span  class=\"elementor-icon\">\n\t\t\t\t<svg xmlns=\"http:\/\/www.w3.org\/2000\/svg\" width=\"16\" height=\"16\" viewBox=\"0 0 16 16\" fill=\"none\"><path d=\"M15.96 11.9452L15.28 14.8952C15.13 15.5452 14.56 15.9952 13.9 15.9952C6.23 15.9952 0 9.75519 0 2.09519C0 1.43519 0.450006 0.865192 1.10001 0.715192L4.05 0.0351918C4.71 -0.114808 5.40001 0.225192 5.67001 0.855192L7.03 4.03519C7.28 4.61519 7.12 5.28519 6.63 5.68519L5.36 6.72519C6.26 8.37519 7.63 9.74519 9.28 10.6452L10.32 9.38519C10.71 8.90519 11.39 8.73519 11.97 8.97519L15.15 10.3352C15.78 10.6052 16.12 11.2852 15.97 11.9552L15.96 11.9452ZM14.98 11.7252C15.02 11.5252 14.92 11.3252 14.74 11.2452L11.56 9.88519C11.39 9.81519 11.19 9.86519 11.08 10.0052L9.79 11.5852C9.64 11.7652 9.39 11.8252 9.18 11.7152C7.06 10.6752 5.32 8.93519 4.28 6.81519C4.18 6.60519 4.23 6.35519 4.41 6.20519L5.99001 4.91519C6.13001 4.79519 6.18 4.59519 6.11 4.42519L4.75 1.24519C4.68 1.09519 4.53 0.995192 4.37 0.995192C4.34 0.995192 4.31 0.995192 4.28 1.00519L1.33 1.68519C1.14 1.72519 1.01 1.89519 1.01 2.08519C1.01 9.20519 6.8 14.9852 13.91 14.9852C14.1 14.9852 14.27 14.8452 14.32 14.6652L15 11.7152L14.98 11.7252Z\" fill=\"#B1B0B0\"><\/path><\/svg>\t\t\t\t<\/span>\n\t\t\t<\/div>\n\t\t\t\n\t\t\t\t\t\t<div class=\"elementor-icon-box-content\">\n\n\t\t\t\t\t\t\t\t\t<h3 class=\"elementor-icon-box-title\">\n\t\t\t\t\t\t<span  >\n\t\t\t\t\t\t\t+351 925 738 165\t\t\t\t\t\t<\/span>\n\t\t\t\t\t<\/h3>\n\t\t\t\t\n\t\t\t\t\t\t\t\t\t<p class=\"elementor-icon-box-description\">\n\t\t\t\t\t\t(chamada para rede fixa nacional)\t\t\t\t\t<\/p>\n\t\t\t\t\n\t\t\t<\/div>\n\t\t\t\n\t\t<\/div>\n\t\t\t\t\t\t<\/div>\n\t\t\t\t<\/div>\n\t\t\t\t<\/div>\n\t\t\t\t\t<\/div>\n\t\t\t\t<\/div>\n\t\t<div class=\"elementor-element elementor-element-63de4fd e-flex e-con-boxed elementor-invisible e-con e-parent\" data-id=\"63de4fd\" data-element_type=\"container\" data-settings=\"{&quot;jet_parallax_layout_list&quot;:[],&quot;animation&quot;:&quot;fadeInUp&quot;}\">\n\t\t\t\t\t<div class=\"e-con-inner\">\n\t\t<div class=\"elementor-element elementor-element-5d83357 e-con-full e-flex e-con e-child\" data-id=\"5d83357\" data-element_type=\"container\" data-settings=\"{&quot;jet_parallax_layout_list&quot;:[]}\">\n\t\t\t\t<\/div>\n\t\t<div class=\"elementor-element elementor-element-4eaa6b5 e-con-full e-flex e-con e-child\" data-id=\"4eaa6b5\" data-element_type=\"container\" data-settings=\"{&quot;jet_parallax_layout_list&quot;:[]}\">\n\t\t\t\t<div class=\"elementor-element elementor-element-b2d44a1 elementor-widget elementor-widget-text-editor\" data-id=\"b2d44a1\" data-element_type=\"widget\" data-widget_type=\"text-editor.default\">\n\t\t\t\t<div class=\"elementor-widget-container\">\n\t\t\t\t\t\t\t\t\t<p><strong>Comunica\u00e7\u00e3o e Imagem<\/strong><\/p>\t\t\t\t\t\t\t\t<\/div>\n\t\t\t\t<\/div>\n\t\t\t\t<div class=\"elementor-element elementor-element-5aabcac elementor-position-inline-start elementor-view-default elementor-mobile-position-block-start elementor-widget elementor-widget-icon-box\" data-id=\"5aabcac\" data-element_type=\"widget\" data-widget_type=\"icon-box.default\">\n\t\t\t\t<div class=\"elementor-widget-container\">\n\t\t\t\t\t\t\t<div class=\"elementor-icon-box-wrapper\">\n\n\t\t\t\t\t\t<div class=\"elementor-icon-box-icon\">\n\t\t\t\t<a href=\"mailto:apsei@apsei.org.pt\u200b\" target=\"_blank\" class=\"elementor-icon\" tabindex=\"-1\" aria-label=\"marketing@apsei.org.pt\">\n\t\t\t\t<svg xmlns=\"http:\/\/www.w3.org\/2000\/svg\" width=\"16\" height=\"12\" viewBox=\"0 0 16 12\" fill=\"none\"><path d=\"M0 2C0 0.9 0.9 0 2 0H14C15.1 0 16 0.9 16 2V10C16 11.1 15.1 12 14 12H2C0.9 12 0 11.1 0 10V2ZM2 1C1.45 1 1 1.45 1 2V3.25L7.11 7.73C7.64 8.12 8.36 8.12 8.89 7.73L15 3.25V2C15 1.45 14.55 1 14 1H2ZM1 4.49V10C1 10.55 1.45 11 2 11H14C14.55 11 15 10.55 15 10V4.49L9.48 8.54C8.6 9.18 7.4 9.18 6.52 8.54L1 4.49Z\" fill=\"#B1B0B0\"><\/path><\/svg>\t\t\t\t<\/a>\n\t\t\t<\/div>\n\t\t\t\n\t\t\t\t\t\t<div class=\"elementor-icon-box-content\">\n\n\t\t\t\t\t\t\t\t\t<h3 class=\"elementor-icon-box-title\">\n\t\t\t\t\t\t<a href=\"mailto:apsei@apsei.org.pt\u200b\" target=\"_blank\" >\n\t\t\t\t\t\t\tmarketing@apsei.org.pt\t\t\t\t\t\t<\/a>\n\t\t\t\t\t<\/h3>\n\t\t\t\t\n\t\t\t\t\n\t\t\t<\/div>\n\t\t\t\n\t\t<\/div>\n\t\t\t\t\t\t<\/div>\n\t\t\t\t<\/div>\n\t\t\t\t<div class=\"elementor-element elementor-element-d2f8f1c elementor-position-inline-start elementor-view-default elementor-mobile-position-block-start elementor-widget elementor-widget-icon-box\" data-id=\"d2f8f1c\" data-element_type=\"widget\" data-widget_type=\"icon-box.default\">\n\t\t\t\t<div class=\"elementor-widget-container\">\n\t\t\t\t\t\t\t<div class=\"elementor-icon-box-wrapper\">\n\n\t\t\t\t\t\t<div class=\"elementor-icon-box-icon\">\n\t\t\t\t<span  class=\"elementor-icon\">\n\t\t\t\t<svg xmlns=\"http:\/\/www.w3.org\/2000\/svg\" width=\"16\" height=\"16\" viewBox=\"0 0 16 16\" fill=\"none\"><path d=\"M15.96 11.9452L15.28 14.8952C15.13 15.5452 14.56 15.9952 13.9 15.9952C6.23 15.9952 0 9.75519 0 2.09519C0 1.43519 0.450006 0.865192 1.10001 0.715192L4.05 0.0351918C4.71 -0.114808 5.40001 0.225192 5.67001 0.855192L7.03 4.03519C7.28 4.61519 7.12 5.28519 6.63 5.68519L5.36 6.72519C6.26 8.37519 7.63 9.74519 9.28 10.6452L10.32 9.38519C10.71 8.90519 11.39 8.73519 11.97 8.97519L15.15 10.3352C15.78 10.6052 16.12 11.2852 15.97 11.9552L15.96 11.9452ZM14.98 11.7252C15.02 11.5252 14.92 11.3252 14.74 11.2452L11.56 9.88519C11.39 9.81519 11.19 9.86519 11.08 10.0052L9.79 11.5852C9.64 11.7652 9.39 11.8252 9.18 11.7152C7.06 10.6752 5.32 8.93519 4.28 6.81519C4.18 6.60519 4.23 6.35519 4.41 6.20519L5.99001 4.91519C6.13001 4.79519 6.18 4.59519 6.11 4.42519L4.75 1.24519C4.68 1.09519 4.53 0.995192 4.37 0.995192C4.34 0.995192 4.31 0.995192 4.28 1.00519L1.33 1.68519C1.14 1.72519 1.01 1.89519 1.01 2.08519C1.01 9.20519 6.8 14.9852 13.91 14.9852C14.1 14.9852 14.27 14.8452 14.32 14.6652L15 11.7152L14.98 11.7252Z\" fill=\"#B1B0B0\"><\/path><\/svg>\t\t\t\t<\/span>\n\t\t\t<\/div>\n\t\t\t\n\t\t\t\t\t\t<div class=\"elementor-icon-box-content\">\n\n\t\t\t\t\t\t\t\t\t<h3 class=\"elementor-icon-box-title\">\n\t\t\t\t\t\t<span  >\n\t\t\t\t\t\t\t+351 912 858 140\t\t\t\t\t\t<\/span>\n\t\t\t\t\t<\/h3>\n\t\t\t\t\n\t\t\t\t\t\t\t\t\t<p class=\"elementor-icon-box-description\">\n\t\t\t\t\t\t(chamada para rede fixa nacional)\t\t\t\t\t<\/p>\n\t\t\t\t\n\t\t\t<\/div>\n\t\t\t\n\t\t<\/div>\n\t\t\t\t\t\t<\/div>\n\t\t\t\t<\/div>\n\t\t\t\t<\/div>\n\t\t\t\t\t<\/div>\n\t\t\t\t<\/div>\n\t\t\t\t<\/div>\n\t\t","protected":false},"excerpt":{"rendered":"<p>Contactos Fale connosco Os nossos contactos Organiza\u00e7\u00e3o APSEI &#8211; Associa\u00e7\u00e3o Portuguesa de Seguran\u00e7a apsei@apsei.org.pt www.apsei.org.pt +351 219 527 849 (chamada para rede fixa nacional) Informa\u00e7\u00f5es Patrocinadores Ana Barreiros comercial@apsei.org.pt +351 925 738 165 (chamada para rede fixa nacional) Comunica\u00e7\u00e3o e Imagem marketing@apsei.org.pt +351 912 858 140 (chamada para rede fixa nacional)<\/p>\n","protected":false},"author":3,"featured_media":0,"parent":0,"menu_order":0,"comment_status":"closed","ping_status":"closed","template":"page-templates\/fullwidth-content.php","meta":{"inline_featured_image":false,"footnotes":""},"class_list":["post-723","page","type-page","status-publish","hentry"],"_links":{"self":[{"href":"https:\/\/edicoes.proteger.pt\/2024\/wp-json\/wp\/v2\/pages\/723","targetHints":{"allow":["GET"]}}],"collection":[{"href":"https:\/\/edicoes.proteger.pt\/2024\/wp-json\/wp\/v2\/pages"}],"about":[{"href":"https:\/\/edicoes.proteger.pt\/2024\/wp-json\/wp\/v2\/types\/page"}],"author":[{"embeddable":true,"href":"https:\/\/edicoes.proteger.pt\/2024\/wp-json\/wp\/v2\/users\/3"}],"replies":[{"embeddable":true,"href":"https:\/\/edicoes.proteger.pt\/2024\/wp-json\/wp\/v2\/comments?post=723"}],"version-history":[{"count":61,"href":"https:\/\/edicoes.proteger.pt\/2024\/wp-json\/wp\/v2\/pages\/723\/revisions"}],"predecessor-version":[{"id":1855,"href":"https:\/\/edicoes.proteger.pt\/2024\/wp-json\/wp\/v2\/pages\/723\/revisions\/1855"}],"wp:attachment":[{"href":"https:\/\/edicoes.proteger.pt\/2024\/wp-json\/wp\/v2\/media?parent=723"}],"curies":[{"name":"wp","href":"https:\/\/api.w.org\/{rel}","templated":true}]}}